{"id":4052,"date":"2024-05-21T11:18:00","date_gmt":"2024-05-21T15:18:00","guid":{"rendered":"https:\/\/fondationmms.org\/presse-2\/"},"modified":"2024-05-21T11:25:01","modified_gmt":"2024-05-21T15:25:01","slug":"presse","status":"publish","type":"page","link":"https:\/\/fondationmms.org\/fr\/presse\/","title":{"rendered":"Presse"},"content":{"rendered":"\t\t<div data-elementor-type=\"wp-page\" data-elementor-id=\"4052\" class=\"elementor elementor-4052 elementor-4051\" data-elementor-post-type=\"page\">\n\t\t\t\t\t\t<section class=\"elementor-section elementor-top-section elementor-element elementor-element-73347249 elementor-section-boxed elementor-section-height-default elementor-section-height-default\" data-id=\"73347249\" data-element_type=\"section\" data-e-type=\"section\" data-settings=\"{&quot;background_background&quot;:&quot;gradient&quot;}\">\n\t\t\t\t\t\t<div class=\"elementor-container elementor-column-gap-default\">\n\t\t\t\t\t<div class=\"elementor-column elementor-col-100 elementor-top-column elementor-element elementor-element-320c74d3\" data-id=\"320c74d3\" data-element_type=\"column\" data-e-type=\"column\">\n\t\t\t<div class=\"elementor-widget-wrap elementor-element-populated\">\n\t\t\t\t\t\t<div class=\"elementor-element elementor-element-6d5785a elementor-widget elementor-widget-heading\" data-id=\"6d5785a\" data-element_type=\"widget\" data-e-type=\"widget\" data-widget_type=\"heading.default\">\n\t\t\t\t<div class=\"elementor-widget-container\">\n\t\t\t\t\t<h2 class=\"elementor-heading-title elementor-size-default\">Press &amp; Mentions<\/h2>\t\t\t\t<\/div>\n\t\t\t\t<\/div>\n\t\t\t\t<div class=\"elementor-element elementor-element-dd2f008 elementor-widget elementor-widget-text-editor\" data-id=\"dd2f008\" data-element_type=\"widget\" data-e-type=\"widget\" data-widget_type=\"text-editor.default\">\n\t\t\t\t<div class=\"elementor-widget-container\">\n\t\t\t\t\t\t\t\t\t<p>Radio-Canada, <a href=\"https:\/\/web.archive.org\/web\/20230130045202\/https:\/\/ici.radio-canada.ca\/ohdio\/premiere\/emissions\/penelope\/episodes\/607336\/rattrapage-du-vendredi-18-fevrier-2022\/8\" target=\"_blank\" rel=\"noopener\">\u00ab Jean-Louis Roy, pr\u00e9sident d\u2019honneur de la Fondation m\u00e8res du monde en sant\u00e9 \u00bb<\/a>, f\u00e9vrier 2022<\/p>\n<p>Radio France Internationale, <a href=\"https:\/\/web.archive.org\/web\/20230130045202\/https:\/\/www.rfi.fr\/fr\/podcasts\/priorit%C3%A9-sant%C3%A9\/20220201-la-fistule-obst%C3%A9tricale-2-millions-de-femmes-concern%C3%A9es-dans-le-monde\" target=\"_blank\" rel=\"noopener\">\u00ab La fistule obst\u00e9tricale : 2 millions de femmes concern\u00e9es dans le monde \u00bb<\/a>, f\u00e9vrier 2022<\/p>\n<p>France Info, <a href=\"https:\/\/web.archive.org\/web\/20230130045202\/https:\/\/www.francetvinfo.fr\/societe\/violences-faites-aux-femmes\/jean-charles-alimi-le-chirurgien-qui-sauve-les-femmes-africaines-de-l-exclusion_4845635.html\" target=\"_blank\" rel=\"noopener\">\u00ab Jean-Charles Alimi, le chirurgien qui sauve les femmes africaines de l\u2019exclusion \u00bb<\/a>, novembre 2021<\/p>\n<p>CHUMAGAZINE, <a href=\"https:\/\/web.archive.org\/web\/20230130045202\/http:\/\/www.fondationmms.org\/dev2015\/wp-content\/uploads\/JMukiza_ChumagH2020.pdf\">\u00ab Joviane Mukiza, <\/a><em><a href=\"https:\/\/web.archive.org\/web\/20230130045202\/http:\/\/www.fondationmms.org\/dev2015\/wp-content\/uploads\/JMukiza_ChumagH2020.pdf\">shangazi <\/a><\/em><a href=\"https:\/\/web.archive.org\/web\/20230130045202\/http:\/\/www.fondationmms.org\/dev2015\/wp-content\/uploads\/JMukiza_ChumagH2020.pdf\">au Rwanda \u00bb<\/a>, mars 2020<\/p>\n<p>Radio-Canada, <a href=\"https:\/\/web.archive.org\/web\/20230130045202\/https:\/\/ici.radio-canada.ca\/premiere\/emissions\/tout-un-matin\/episodes\/448538\/rattrapage-du-mercredi-20-novembre-2019\/14?fbclid=IwAR0W9yL3YyX4VRyIXUObVVZ4x7F-_91JHNCdLqj1P-wAm-AjpQH6t7ZcV7g\" target=\"_blank\" rel=\"noopener\">\u00ab Le docteur qui r\u00e9pare les femmes \u00bb<\/a>, novembre 2019<\/p>\n<p>TVA Montr\u00e9al, <a href=\"https:\/\/web.archive.org\/web\/20230130045202\/https:\/\/video.tva.ca\/details\/_6101072901001\" target=\"_blank\" rel=\"noopener\">\u00ab Du Qu\u00e9bec au Rwanda, une \u00e9quipe m\u00e9dicale pour la sant\u00e9 des femmes \u00bb<\/a>, novembre 2019 (L\u2019extrait commence \u00e0 01:47:06)<\/p>\n<p>M\u00e9tro Montr\u00e9al, <a href=\"https:\/\/web.archive.org\/web\/20230130045202\/https:\/\/journalmetro.com\/local\/montreal-nord\/2372402\/une-entreprise-nord-montrealaise-donne-un-coup-de-main-pour-aider-des-africaines\/?fbclid=IwAR21UtCRKjzPhfm_5JB-2P47PIXx8YiYxa8FXF8xTOTUsl6lV00RSWRRn84\" target=\"_blank\" rel=\"noopener\">\u00ab Une entreprise nord-montr\u00e9alaise donne un coup de main pour aider des Africaines \u00bb<\/a>, septembre 2019<\/p>\n<p>Canadian Partnership for Women and Children\u2019s Health, <a href=\"https:\/\/web.archive.org\/web\/20230130045202\/https:\/\/www.canwach.ca\/article\/global-maternal-health-lets-talk-about-obstetric-fistula\" target=\"_blank\" rel=\"noopener\">\u00ab Global maternal health: Let\u2019s talk about obstetric fistula \u00bb<\/a>, d\u00e9cembre 2018<\/p>\n<p>Breakfast Television Montreal, <a href=\"https:\/\/web.archive.org\/web\/20230130045202\/https:\/\/www.ledevoir.com\/monde\/afrique\/528305\/les-parias-d-un-mal-invisible\" target=\"_blank\" rel=\"noopener\">\u00ab <\/a><a href=\"https:\/\/web.archive.org\/web\/20230130045202\/https:\/\/www.youtube.com\/watch?v=AMpNWWAzLjA\" target=\"_blank\" rel=\"noopener\">Promoting safe and healthy births<\/a><a href=\"https:\/\/web.archive.org\/web\/20230130045202\/https:\/\/www.ledevoir.com\/monde\/afrique\/528305\/les-parias-d-un-mal-invisible\" target=\"_blank\" rel=\"noopener\"> \u00bb<\/a>, septembre 2018<\/p>\n<p>Le Devoir, <a href=\"https:\/\/web.archive.org\/web\/20230130045202\/https:\/\/www.ledevoir.com\/monde\/afrique\/528305\/les-parias-d-un-mal-invisible\" target=\"_blank\" rel=\"noopener\">\u00ab Les parias d\u2019un mal invisible \u00bb<\/a>, mai 2018<\/p>\n<p>CIUSSS Centre-Ouest, <a href=\"https:\/\/web.archive.org\/web\/20230130045202\/https:\/\/www.youtube.com\/watch?v=0Fjmjov1iUY\" target=\"_blank\" rel=\"noopener\">\u00ab Le travail humanitaire du Dr Corcos \u00bb<\/a>, mai 2018<\/p>\n<p>Nouvelles HGJ, <a href=\"https:\/\/web.archive.org\/web\/20230130045202\/https:\/\/jghnews.ciussswestcentral.ca\/fr\/des-membres-du-personnel-medical-de-lhgj-effectuent-des-interventions-chirurgicales-desesperement-requises-au-rwanda\/\" target=\"_blank\" rel=\"noopener\">\u00ab Des membres du personnel m\u00e9dical de l\u2019HGJ effectuent des interventions d\u00e9sesp\u00e9r\u00e9ment requises au Rwanda \u00bb<\/a>, mars 2018.<\/p>\n<p>TPL Moms, <a href=\"https:\/\/web.archive.org\/web\/20230130045202\/https:\/\/tplmoms.com\/2017\/11\/22\/5-idees-cadeaux-qui-font-doublement-plaisir\/\" target=\"_blank\" rel=\"noopener\">\u00ab 5 id\u00e9es-cadeaux qui font doublement plaisir \u00bb<\/a>, novembre 2017<\/p>\n<p>La Presse, <a href=\"https:\/\/web.archive.org\/web\/20230130045202\/http:\/\/plus.lapresse.ca\/screens\/ee63dfd7-ea9a-4e4c-b8de-7d25909ce8f7%7C_0.html\" target=\"_blank\" rel=\"noopener\">\u00ab Pour le bien-\u00eatre des femmes en Afrique \u00bb<\/a>, f\u00e9vrier 2017<\/p>\n<p>TPL Moms, <a href=\"https:\/\/web.archive.org\/web\/20230130045202\/https:\/\/tplmoms.com\/2016\/02\/11\/fondation-meres-du-monde-en-sante-un-organisme-decouvrir\/\" target=\"_blank\" rel=\"noopener\">\u00ab Fondation M\u00e8res du Monde en Sant\u00e9 : un organisme \u00e0 d\u00e9couvrir! \u00bb<\/a>, f\u00e9vrier 2016<\/p>\n<p>Radio-Canada, \u00ab Quand coop\u00e9ration rime avec danger \u00bb, <a href=\"https:\/\/web.archive.org\/web\/20230130045202\/https:\/\/ici.radio-canada.ca\/ohdio\/premiere\/emissions\/1331\/desautels-le-dimanche\" target=\"_blank\" rel=\"noopener\">D\u00e9saultels le dimanche<\/a>, janvier 2016<\/p>\n<p>Le Devoir, <a href=\"https:\/\/web.archive.org\/web\/20230130045202\/https:\/\/www.ledevoir.com\/opinion\/libre-opinion\/463125\/les-victimes-collaterales-d-ouagadougou\" target=\"_blank\" rel=\"noopener\">\u00ab Les victimes collat\u00e9rales d\u2019Ouagadougou \u00bb<\/a>, f\u00e9vrier 2016<\/p>\n<p>M\u00e9tro Montr\u00e9al, <a href=\"https:\/\/web.archive.org\/web\/20230130045202\/https:\/\/journalmetro.com\/actualites-ile-des-soeurs\/620328\/mission-humanitaire-pour-deux-residants-de-lile-des-soeurs\/\" target=\"_blank\" rel=\"noopener\">\u00ab Mission humanitaire pour deux r\u00e9sidents de L\u2019\u00cele-des-Soeurs \u00bb<\/a>, novembre 2012<\/p>\n\t\t\t\t\t\t\t\t<\/div>\n\t\t\t\t<\/div>\n\t\t\t\t\t<\/div>\n\t\t<\/div>\n\t\t\t\t\t<\/div>\n\t\t<\/section>\n\t\t\t\t<section class=\"elementor-section elementor-top-section elementor-element elementor-element-b695229 elementor-section-boxed elementor-section-height-default elementor-section-height-default\" data-id=\"b695229\" data-element_type=\"section\" data-e-type=\"section\" data-settings=\"{&quot;background_background&quot;:&quot;classic&quot;}\">\n\t\t\t\t\t\t<div class=\"elementor-container elementor-column-gap-default\">\n\t\t\t\t\t<div class=\"elementor-column elementor-col-100 elementor-top-column elementor-element elementor-element-8b4db5e\" data-id=\"8b4db5e\" data-element_type=\"column\" data-e-type=\"column\" data-settings=\"{&quot;background_background&quot;:&quot;classic&quot;}\">\n\t\t\t<div class=\"elementor-widget-wrap elementor-element-populated\">\n\t\t\t\t\t\t<div class=\"elementor-element elementor-element-eb2f63a elementor-widget elementor-widget-heading\" data-id=\"eb2f63a\" data-element_type=\"widget\" data-e-type=\"widget\" data-widget_type=\"heading.default\">\n\t\t\t\t<div class=\"elementor-widget-container\">\n\t\t\t\t\t<h2 class=\"elementor-heading-title elementor-size-default\">Contribute to Our Mission<\/h2>\t\t\t\t<\/div>\n\t\t\t\t<\/div>\n\t\t\t\t<div class=\"elementor-element elementor-element-6f20321 elementor-widget elementor-widget-heading\" data-id=\"6f20321\" data-element_type=\"widget\" data-e-type=\"widget\" data-widget_type=\"heading.default\">\n\t\t\t\t<div class=\"elementor-widget-container\">\n\t\t\t\t\t<h2 class=\"elementor-heading-title elementor-size-default\">You can transform a woman's life<\/h2>\t\t\t\t<\/div>\n\t\t\t\t<\/div>\n\t\t\t\t<div class=\"elementor-element elementor-element-b721006 elementor-align-center elementor-widget__width-auto elementor-invisible elementor-widget elementor-widget-button\" data-id=\"b721006\" data-element_type=\"widget\" data-e-type=\"widget\" data-settings=\"{&quot;_animation&quot;:&quot;fadeIn&quot;,&quot;_animation_delay&quot;:300}\" data-widget_type=\"button.default\">\n\t\t\t\t<div class=\"elementor-widget-container\">\n\t\t\t\t\t\t\t\t\t<div class=\"elementor-button-wrapper\">\n\t\t\t\t\t<a class=\"elementor-button elementor-button-link elementor-size-sm\" href=\"#\">\n\t\t\t\t\t\t<span class=\"elementor-button-content-wrapper\">\n\t\t\t\t\t\t\t\t\t<span class=\"elementor-button-text\">Donate<\/span>\n\t\t\t\t\t<\/span>\n\t\t\t\t\t<\/a>\n\t\t\t\t<\/div>\n\t\t\t\t\t\t\t\t<\/div>\n\t\t\t\t<\/div>\n\t\t\t\t<div class=\"elementor-element elementor-element-88d0eca elementor-widget__width-auto elementor-invisible elementor-widget elementor-widget-text-editor\" data-id=\"88d0eca\" data-element_type=\"widget\" data-e-type=\"widget\" data-settings=\"{&quot;_animation&quot;:&quot;fadeIn&quot;,&quot;_animation_delay&quot;:600}\" data-widget_type=\"text-editor.default\">\n\t\t\t\t<div class=\"elementor-widget-container\">\n\t\t\t\t\t\t\t\t\t<p>or <a href=\"https:\/\/fondationmms.org\/fr\/contact\/\">g<span style=\"text-decoration: underline;\">et in touch<\/span><\/a><\/p>\n\t\t\t\t\t\t\t\t<\/div>\n\t\t\t\t<\/div>\n\t\t\t\t\t<\/div>\n\t\t<\/div>\n\t\t\t\t\t<\/div>\n\t\t<\/section>\n\t\t\t\t<\/div>\n\t\t","protected":false},"excerpt":{"rendered":"<p>Press &amp; Mentions Radio-Canada, \u00ab Jean-Louis Roy, pr\u00e9sident d\u2019honneur de la Fondation m\u00e8res du monde en sant\u00e9 \u00bb, f\u00e9vrier 2022 Radio France Internationale, \u00ab La fistule obst\u00e9tricale : 2 millions de femmes concern\u00e9es dans le monde \u00bb, f\u00e9vrier 2022 France Info, \u00ab Jean-Charles Alimi, le chirurgien qui sauve les femmes africaines de l\u2019exclusion \u00bb, novembre [&hellip;]<\/p>\n","protected":false},"author":6,"featured_media":0,"parent":0,"menu_order":0,"comment_status":"closed","ping_status":"closed","template":"","meta":{"footnotes":""},"class_list":["post-4052","page","type-page","status-publish","hentry"],"_links":{"self":[{"href":"https:\/\/fondationmms.org\/fr\/wp-json\/wp\/v2\/pages\/4052","targetHints":{"allow":["GET"]}}],"collection":[{"href":"https:\/\/fondationmms.org\/fr\/wp-json\/wp\/v2\/pages"}],"about":[{"href":"https:\/\/fondationmms.org\/fr\/wp-json\/wp\/v2\/types\/page"}],"author":[{"embeddable":true,"href":"https:\/\/fondationmms.org\/fr\/wp-json\/wp\/v2\/users\/6"}],"replies":[{"embeddable":true,"href":"https:\/\/fondationmms.org\/fr\/wp-json\/wp\/v2\/comments?post=4052"}],"version-history":[{"count":0,"href":"https:\/\/fondationmms.org\/fr\/wp-json\/wp\/v2\/pages\/4052\/revisions"}],"wp:attachment":[{"href":"https:\/\/fondationmms.org\/fr\/wp-json\/wp\/v2\/media?parent=4052"}],"curies":[{"name":"wp","href":"https:\/\/api.w.org\/{rel}","templated":true}]}}