{"id":3865,"date":"2023-08-04T17:29:19","date_gmt":"2023-08-04T21:29:19","guid":{"rendered":"https:\/\/fondationmms.org\/nos-partenaires\/"},"modified":"2024-08-09T19:35:36","modified_gmt":"2024-08-09T23:35:36","slug":"nos-partenaires","status":"publish","type":"page","link":"https:\/\/fondationmms.org\/fr\/nos-partenaires\/","title":{"rendered":"Nos partenaires"},"content":{"rendered":"\t\t<div data-elementor-type=\"wp-page\" data-elementor-id=\"3865\" class=\"elementor elementor-3865 elementor-563\" data-elementor-post-type=\"page\">\n\t\t\t\t\t\t<section class=\"elementor-section elementor-top-section elementor-element elementor-element-8ca9b75 background-1 elementor-section-boxed elementor-section-height-default elementor-section-height-default\" data-id=\"8ca9b75\" data-element_type=\"section\" data-e-type=\"section\" data-settings=\"{&quot;background_background&quot;:&quot;classic&quot;}\">\n\t\t\t\t\t\t<div class=\"elementor-container elementor-column-gap-default\">\n\t\t\t\t\t<div class=\"elementor-column elementor-col-100 elementor-top-column elementor-element elementor-element-4ce8668\" data-id=\"4ce8668\" data-element_type=\"column\" data-e-type=\"column\">\n\t\t\t<div class=\"elementor-widget-wrap elementor-element-populated\">\n\t\t\t\t\t\t<div class=\"elementor-element elementor-element-6309e58 elementor-widget elementor-widget-heading\" data-id=\"6309e58\" data-element_type=\"widget\" data-e-type=\"widget\" data-widget_type=\"heading.default\">\n\t\t\t\t<div class=\"elementor-widget-container\">\n\t\t\t\t\t<h2 class=\"elementor-heading-title elementor-size-default\">Nos partenaires<\/h2>\t\t\t\t<\/div>\n\t\t\t\t<\/div>\n\t\t\t\t\t<\/div>\n\t\t<\/div>\n\t\t\t\t\t<\/div>\n\t\t<\/section>\n\t\t\t\t<section class=\"elementor-section elementor-top-section elementor-element elementor-element-7402dfd elementor-section-boxed elementor-section-height-default elementor-section-height-default\" data-id=\"7402dfd\" data-element_type=\"section\" data-e-type=\"section\" data-settings=\"{&quot;background_background&quot;:&quot;classic&quot;}\">\n\t\t\t\t\t\t<div class=\"elementor-container elementor-column-gap-default\">\n\t\t\t\t\t<div class=\"elementor-column elementor-col-100 elementor-top-column elementor-element elementor-element-160e45e\" data-id=\"160e45e\" data-element_type=\"column\" data-e-type=\"column\">\n\t\t\t<div class=\"elementor-widget-wrap elementor-element-populated\">\n\t\t\t\t\t\t<div class=\"elementor-element elementor-element-44ed561 elementor-arrows-position-outside elementor-widget elementor-widget-image-carousel\" data-id=\"44ed561\" data-element_type=\"widget\" data-e-type=\"widget\" data-settings=\"{&quot;slides_to_show&quot;:&quot;4&quot;,&quot;navigation&quot;:&quot;arrows&quot;,&quot;pause_on_hover&quot;:&quot;no&quot;,&quot;autoplay_speed&quot;:3000,&quot;speed&quot;:300,&quot;slides_to_show_mobile&quot;:&quot;2&quot;,&quot;autoplay&quot;:&quot;yes&quot;,&quot;pause_on_interaction&quot;:&quot;yes&quot;,&quot;infinite&quot;:&quot;yes&quot;,&quot;image_spacing_custom&quot;:{&quot;unit&quot;:&quot;px&quot;,&quot;size&quot;:20,&quot;sizes&quot;:[]},&quot;image_spacing_custom_tablet&quot;:{&quot;unit&quot;:&quot;px&quot;,&quot;size&quot;:&quot;&quot;,&quot;sizes&quot;:[]},&quot;image_spacing_custom_mobile&quot;:{&quot;unit&quot;:&quot;px&quot;,&quot;size&quot;:&quot;&quot;,&quot;sizes&quot;:[]}}\" data-widget_type=\"image-carousel.default\">\n\t\t\t\t<div class=\"elementor-widget-container\">\n\t\t\t\t\t\t\t<div class=\"elementor-image-carousel-wrapper swiper\" role=\"region\" aria-roledescription=\"carousel\" aria-label=\"Carrousel d\u2019images\" dir=\"ltr\">\n\t\t\t<div class=\"elementor-image-carousel swiper-wrapper\" aria-live=\"off\">\n\t\t\t\t\t\t\t\t<div class=\"swiper-slide\" role=\"group\" aria-roledescription=\"slide\" aria-label=\"1 sur 15\"><figure class=\"swiper-slide-inner\"><img decoding=\"async\" class=\"swiper-slide-image\" src=\"https:\/\/fondationmms.org\/wp-content\/uploads\/elementor\/thumbs\/3m-canada-qgdws8g4hxrmsmbck3c96i7d840prtz5l89ey1iww0.png\" alt=\"3m-canada\" \/><\/figure><\/div><div class=\"swiper-slide\" role=\"group\" aria-roledescription=\"slide\" aria-label=\"2 sur 15\"><figure class=\"swiper-slide-inner\"><img decoding=\"async\" class=\"swiper-slide-image\" src=\"https:\/\/fondationmms.org\/wp-content\/uploads\/elementor\/thumbs\/accord-health-2-qgdwsgwo7g37p3z26ozway2ikkv0p3wqme4s9j6dc0.png\" alt=\"accord-health\" \/><\/figure><\/div><div class=\"swiper-slide\" role=\"group\" aria-roledescription=\"slide\" aria-label=\"3 sur 15\"><figure class=\"swiper-slide-inner\"><img decoding=\"async\" class=\"swiper-slide-image\" src=\"https:\/\/fondationmms.org\/wp-content\/uploads\/elementor\/thumbs\/bd-health-qgdwsmjpcgaxmrqv9rfnpwna4w37zaj4n61p56y0ao.png\" alt=\"bd-health\" \/><\/figure><\/div><div class=\"swiper-slide\" role=\"group\" aria-roledescription=\"slide\" aria-label=\"4 sur 15\"><figure class=\"swiper-slide-inner\"><img decoding=\"async\" class=\"swiper-slide-image\" src=\"https:\/\/fondationmms.org\/wp-content\/uploads\/elementor\/thumbs\/chs-health-qgdwsr8wamhd8tk1ibgskdgl3tg21s1sbtb4jkr1fk.png\" alt=\"chs-health\" \/><\/figure><\/div><div class=\"swiper-slide\" role=\"group\" aria-roledescription=\"slide\" aria-label=\"5 sur 15\"><figure class=\"swiper-slide-inner\"><img decoding=\"async\" class=\"swiper-slide-image\" src=\"https:\/\/fondationmms.org\/wp-content\/uploads\/elementor\/thumbs\/conmed-canada-qgdwsvy38snsuvd7qvhxeu9w2qsw49kg0gkjxyk2kg.png\" alt=\"conmed-canada\" \/><\/figure><\/div><div class=\"swiper-slide\" role=\"group\" aria-roledescription=\"slide\" aria-label=\"6 sur 15\"><figure class=\"swiper-slide-inner\"><img decoding=\"async\" class=\"swiper-slide-image\" src=\"https:\/\/fondationmms.org\/wp-content\/uploads\/elementor\/thumbs\/covidien-canada-qgdwsxtrmgqdi3ahfwb6jtst9ijmjnrwopviwiha80.png\" alt=\"covidien-canada\" \/><\/figure><\/div><div class=\"swiper-slide\" role=\"group\" aria-roledescription=\"slide\" aria-label=\"7 sur 15\"><figure class=\"swiper-slide-inner\"><img decoding=\"async\" class=\"swiper-slide-image\" src=\"https:\/\/fondationmms.org\/wp-content\/uploads\/elementor\/thumbs\/jnj-canada-qgdwteqv1hdjb2lwp3mgspj3yg88e7n2r1m9jhs740.jpeg\" alt=\"jnj-canada\" \/><\/figure><\/div><div class=\"swiper-slide\" role=\"group\" aria-roledescription=\"slide\" aria-label=\"8 sur 15\"><figure class=\"swiper-slide-inner\"><img decoding=\"async\" class=\"swiper-slide-image\" src=\"https:\/\/fondationmms.org\/wp-content\/uploads\/elementor\/thumbs\/boston-scientific-qgdwsqb23sg2x7lent25zvp4ifkou2y1zonn2asfls.png\" alt=\"boston-scientific\" \/><\/figure><\/div><div class=\"swiper-slide\" role=\"group\" aria-roledescription=\"slide\" aria-label=\"9 sur 15\"><figure class=\"swiper-slide-inner\"><img decoding=\"async\" class=\"swiper-slide-image\" src=\"https:\/\/fondationmms.org\/wp-content\/uploads\/elementor\/thumbs\/redleaf-medical-qgdwtwlsnc1zfnvystcdm30v8rs7gglz5i0hnr1pts.png\" alt=\"redleaf-medical\" \/><\/figure><\/div><div class=\"swiper-slide\" role=\"group\" aria-roledescription=\"slide\" aria-label=\"10 sur 15\"><figure class=\"swiper-slide-inner\"><img decoding=\"async\" class=\"swiper-slide-image\" src=\"https:\/\/fondationmms.org\/wp-content\/uploads\/elementor\/thumbs\/sca-health-qgdwtyhh104k2vt8hu5mr2jsfjixvutftrbgmayxhc.png\" alt=\"sca-health\" \/><\/figure><\/div><div class=\"swiper-slide\" role=\"group\" aria-roledescription=\"slide\" aria-label=\"11 sur 15\"><figure class=\"swiper-slide-inner\"><img decoding=\"async\" class=\"swiper-slide-image\" src=\"https:\/\/fondationmms.org\/wp-content\/uploads\/elementor\/thumbs\/sterislogo-qgdwu6y0qig4zdgy4ft9viexs0d8t4r0ux6txsmdxc.png\" alt=\"sterislogo\" \/><\/figure><\/div><div class=\"swiper-slide\" role=\"group\" aria-roledescription=\"slide\" aria-label=\"12 sur 15\"><figure class=\"swiper-slide-inner\"><img decoding=\"async\" class=\"swiper-slide-image\" src=\"https:\/\/fondationmms.org\/wp-content\/uploads\/2023\/08\/storz-medical.svg\" alt=\"storz-medical\" \/><\/figure><\/div><div class=\"swiper-slide\" role=\"group\" aria-roledescription=\"slide\" aria-label=\"13 sur 15\"><figure class=\"swiper-slide-inner\"><img decoding=\"async\" class=\"swiper-slide-image\" src=\"https:\/\/fondationmms.org\/wp-content\/uploads\/elementor\/thumbs\/hollister-canada-1-qgdwta1o3b73p0sqgjlby8pszivebq4f2ecu53z5z4.png\" alt=\"hollister-canada\" \/><\/figure><\/div><div class=\"swiper-slide\" role=\"group\" aria-roledescription=\"slide\" aria-label=\"14 sur 15\"><figure class=\"swiper-slide-inner\"><img decoding=\"async\" class=\"swiper-slide-image\" src=\"https:\/\/fondationmms.org\/wp-content\/uploads\/elementor\/thumbs\/uhaul-e1713098618349-qmp62otmv0a3o07fx9u6ga3sdem1uwl47tzz5q7qio.jpeg\" alt=\"uhaul\" \/><\/figure><\/div><div class=\"swiper-slide\" role=\"group\" aria-roledescription=\"slide\" aria-label=\"15 sur 15\"><figure class=\"swiper-slide-inner\"><img decoding=\"async\" class=\"swiper-slide-image\" src=\"https:\/\/fondationmms.org\/wp-content\/uploads\/elementor\/thumbs\/ove-qmp5z8qxsvk93h7o1s7fb5exyjllmuwjqrvvt7bpc0.png\" alt=\"ove\" \/><\/figure><\/div>\t\t\t<\/div>\n\t\t\t\t\t\t\t\t\t\t\t\t<div class=\"elementor-swiper-button elementor-swiper-button-prev\" role=\"button\" tabindex=\"0\">\n\t\t\t\t\t\t<i aria-hidden=\"true\" class=\"eicon-chevron-left\"><\/i>\t\t\t\t\t<\/div>\n\t\t\t\t\t<div class=\"elementor-swiper-button elementor-swiper-button-next\" role=\"button\" tabindex=\"0\">\n\t\t\t\t\t\t<i aria-hidden=\"true\" class=\"eicon-chevron-right\"><\/i>\t\t\t\t\t<\/div>\n\t\t\t\t\n\t\t\t\t\t\t\t\t\t<\/div>\n\t\t\t\t\t\t<\/div>\n\t\t\t\t<\/div>\n\t\t\t\t\t<\/div>\n\t\t<\/div>\n\t\t\t\t\t<\/div>\n\t\t<\/section>\n\t\t\t\t<section class=\"elementor-section elementor-top-section elementor-element elementor-element-80153bf elementor-section-boxed elementor-section-height-default elementor-section-height-default\" data-id=\"80153bf\" data-element_type=\"section\" data-e-type=\"section\" data-settings=\"{&quot;background_background&quot;:&quot;gradient&quot;}\">\n\t\t\t\t\t\t<div class=\"elementor-container elementor-column-gap-default\">\n\t\t\t\t\t<div class=\"elementor-column elementor-col-100 elementor-top-column elementor-element elementor-element-4f9faa9\" data-id=\"4f9faa9\" data-element_type=\"column\" data-e-type=\"column\">\n\t\t\t<div class=\"elementor-widget-wrap elementor-element-populated\">\n\t\t\t\t\t\t<div class=\"elementor-element elementor-element-ec49ec1 elementor-widget elementor-widget-spacer\" data-id=\"ec49ec1\" data-element_type=\"widget\" data-e-type=\"widget\" data-widget_type=\"spacer.default\">\n\t\t\t\t<div class=\"elementor-widget-container\">\n\t\t\t\t\t\t\t<div class=\"elementor-spacer\">\n\t\t\t<div class=\"elementor-spacer-inner\"><\/div>\n\t\t<\/div>\n\t\t\t\t\t\t<\/div>\n\t\t\t\t<\/div>\n\t\t\t\t\t<\/div>\n\t\t<\/div>\n\t\t\t\t\t<\/div>\n\t\t<\/section>\n\t\t\t\t<section class=\"elementor-section elementor-top-section elementor-element elementor-element-f9b793a elementor-section-boxed elementor-section-height-default elementor-section-height-default\" data-id=\"f9b793a\" data-element_type=\"section\" data-e-type=\"section\" data-settings=\"{&quot;background_background&quot;:&quot;classic&quot;}\">\n\t\t\t\t\t\t<div class=\"elementor-container elementor-column-gap-default\">\n\t\t\t\t\t<div class=\"elementor-column elementor-col-100 elementor-top-column elementor-element elementor-element-3fb5d69\" data-id=\"3fb5d69\" data-element_type=\"column\" data-e-type=\"column\">\n\t\t\t<div class=\"elementor-widget-wrap elementor-element-populated\">\n\t\t\t\t\t\t<div class=\"elementor-element elementor-element-9814351 elementor-widget elementor-widget-text-editor\" data-id=\"9814351\" data-element_type=\"widget\" data-e-type=\"widget\" data-widget_type=\"text-editor.default\">\n\t\t\t\t<div class=\"elementor-widget-container\">\n\t\t\t\t\t\t\t\t\t<div id=\"main\" class=\"realisation\"><div id=\"content\"><section id=\"ultimate_promobox_widget-2\" class=\"widget widget_promotional_bar\"><div class=\"axes\"><div class=\"container \"><div class=\" interieur contact\"><p>La Fondation MMS ne b\u00e9n\u00e9ficie \u00e0 ce jour d&rsquo;aucune subvention gouvernementale, et toutes les missions sont r\u00e9alis\u00e9es gr\u00e2ce \u00e0 la g\u00e9n\u00e9rosit\u00e9 des b\u00e9n\u00e9voles et des donateurs. Leurs apports nous ont permis de r\u00e9aliser plusieurs missions chirurgicales. Depuis novembre 2011, nous avons soign\u00e9 plus de 400 femmes atteintes de fistule.<\/p><p>Les fournitures m\u00e9dicales, l&rsquo;\u00e9quipement et les m\u00e9dicaments pour ces missions ont \u00e9t\u00e9 gracieusement offerts par 3M Canada, <a href=\"http:\/\/accordhealth.ca\/\" target=\"_blank\" rel=\"noopener\">Accord Health<\/a>, <a class=\"broken_link\" href=\"http:\/\/www.amdritmed.com\/\" target=\"_blank\" rel=\"noopener noreferrer\">AMD Ritmed<\/a>, <a href=\"https:\/\/www.bd.com\/en-ca\" target=\"_blank\" rel=\"noopener\">BD<\/a>, <a href=\"http:\/\/chsltd.com\/\" target=\"_blank\" rel=\"noopener noreferrer\">CHS Canadian Hospital Specialities<\/a>, <a href=\"https:\/\/www.conmed.com\/\" target=\"_blank\" rel=\"noopener\">ConMed<\/a>, <a href=\"http:\/\/www.covidien.com\/\" target=\"_blank\" rel=\"noopener noreferrer\">Covidien<\/a>, <a href=\"http:\/\/www.hollister.ca\/en-ca\/\" target=\"_blank\" rel=\"noopener\">Hollister Canada<\/a>, <a href=\"https:\/\/www.jnjcanada.com\/\" target=\"_blank\" rel=\"noopener\">Johnson &amp; Johnson<\/a>, Boston Scientific, <a href=\"http:\/\/www.redleafmedical.com\/\" target=\"_blank\" rel=\"noopener noreferrer\">Red Leaf Medical<\/a>, <a href=\"http:\/\/www.sca.com\/\" target=\"_blank\" rel=\"noopener noreferrer\">SCA Americas<\/a>, <a href=\"http:\/\/www.steris.com\/\" target=\"_blank\" rel=\"noopener noreferrer\">Steris<\/a>, Stortz.<\/p><p>D&rsquo;autres entreprises telles que <a href=\"https:\/\/www.cafeagga.com\/\" target=\"_blank\" rel=\"noopener noreferrer\">Caf\u00e9 Agga<\/a>, <a href=\"https:\/\/www.cafebrossard.com\/\" target=\"_blank\" rel=\"noopener\">Caf\u00e9 Brossard<\/a>, Homeocan, <a href=\"http:\/\/ovedecors.com\/\" target=\"_blank\" rel=\"noopener noreferrer\">Ove Decors<\/a>, <a href=\"http:\/\/www.uhaul.com\/\" target=\"_blank\" rel=\"noopener noreferrer\">U-Haul of Eastern Quebec<\/a>, Cubik Communication et Desautels CPA ont \u00e9galement apport\u00e9 de g\u00e9n\u00e9reuses contributions \u00e0 notre Fondation.<\/p><p>Enfin, nous remercions nos amis et les membres de notre famille qui ont assist\u00e9 \u00e0 nos \u00e9v\u00e9nements de collecte de fonds et nous ont aid\u00e9s \u00e0 r\u00e9colter l&rsquo;argent n\u00e9cessaire au financement de nos missions, dont le co\u00fbt est en constante augmentation en raison de l&rsquo;augmentation du prix des billets d&rsquo;avion.<\/p><\/div><\/div><\/div><\/section><\/div><\/div>\t\t\t\t\t\t\t\t<\/div>\n\t\t\t\t<\/div>\n\t\t\t\t\t<\/div>\n\t\t<\/div>\n\t\t\t\t\t<\/div>\n\t\t<\/section>\n\t\t\t\t<section class=\"elementor-section elementor-top-section elementor-element elementor-element-9c5151b elementor-section-boxed elementor-section-height-default elementor-section-height-default\" data-id=\"9c5151b\" data-element_type=\"section\" data-e-type=\"section\" data-settings=\"{&quot;background_background&quot;:&quot;classic&quot;}\">\n\t\t\t\t\t\t<div class=\"elementor-container elementor-column-gap-default\">\n\t\t\t\t\t<div class=\"elementor-column elementor-col-100 elementor-top-column elementor-element elementor-element-0447eff\" data-id=\"0447eff\" data-element_type=\"column\" data-e-type=\"column\" data-settings=\"{&quot;background_background&quot;:&quot;classic&quot;}\">\n\t\t\t<div class=\"elementor-widget-wrap elementor-element-populated\">\n\t\t\t\t\t\t<div class=\"elementor-element elementor-element-83a4c80 elementor-widget elementor-widget-heading\" data-id=\"83a4c80\" data-element_type=\"widget\" data-e-type=\"widget\" data-widget_type=\"heading.default\">\n\t\t\t\t<div class=\"elementor-widget-container\">\n\t\t\t\t\t<h2 class=\"elementor-heading-title elementor-size-default\">Contribuez \u00e0 notre mission<\/h2>\t\t\t\t<\/div>\n\t\t\t\t<\/div>\n\t\t\t\t<div class=\"elementor-element elementor-element-5a2eaff elementor-widget elementor-widget-heading\" data-id=\"5a2eaff\" data-element_type=\"widget\" data-e-type=\"widget\" data-widget_type=\"heading.default\">\n\t\t\t\t<div class=\"elementor-widget-container\">\n\t\t\t\t\t<h2 class=\"elementor-heading-title elementor-size-default\">Vous pouvez transformer la vie d'une femme<\/h2>\t\t\t\t<\/div>\n\t\t\t\t<\/div>\n\t\t\t\t<div class=\"elementor-element elementor-element-40c98d2 elementor-align-center elementor-widget__width-auto elementor-invisible elementor-widget elementor-widget-button\" data-id=\"40c98d2\" data-element_type=\"widget\" data-e-type=\"widget\" data-settings=\"{&quot;_animation&quot;:&quot;fadeIn&quot;,&quot;_animation_delay&quot;:200}\" data-widget_type=\"button.default\">\n\t\t\t\t<div class=\"elementor-widget-container\">\n\t\t\t\t\t\t\t\t\t<div class=\"elementor-button-wrapper\">\n\t\t\t\t\t<a class=\"elementor-button elementor-button-link elementor-size-sm\" href=\"https:\/\/www.zeffy.com\/en-CA\/fundraising\/399c66ed-0d52-4462-b7d8-41538f8174d7?&#038;lng=en\" target=\"_blank\" rel=\"noopener\">\n\t\t\t\t\t\t<span class=\"elementor-button-content-wrapper\">\n\t\t\t\t\t\t\t\t\t<span class=\"elementor-button-text\">Faites un don<\/span>\n\t\t\t\t\t<\/span>\n\t\t\t\t\t<\/a>\n\t\t\t\t<\/div>\n\t\t\t\t\t\t\t\t<\/div>\n\t\t\t\t<\/div>\n\t\t\t\t<div class=\"elementor-element elementor-element-63c0f5a elementor-widget__width-auto elementor-invisible elementor-widget elementor-widget-text-editor\" data-id=\"63c0f5a\" data-element_type=\"widget\" data-e-type=\"widget\" data-settings=\"{&quot;_animation&quot;:&quot;fadeIn&quot;,&quot;_animation_delay&quot;:400}\" data-widget_type=\"text-editor.default\">\n\t\t\t\t<div class=\"elementor-widget-container\">\n\t\t\t\t\t\t\t\t\t<p>ou <a href=\"https:\/\/fondationmms.org\/fr\/contact\/\">contactez-nous<\/a><\/p>\t\t\t\t\t\t\t\t<\/div>\n\t\t\t\t<\/div>\n\t\t\t\t\t<\/div>\n\t\t<\/div>\n\t\t\t\t\t<\/div>\n\t\t<\/section>\n\t\t\t\t<\/div>\n\t\t","protected":false},"excerpt":{"rendered":"<p>Nos partenaires La Fondation MMS ne b\u00e9n\u00e9ficie \u00e0 ce jour d&rsquo;aucune subvention gouvernementale, et toutes les missions sont r\u00e9alis\u00e9es gr\u00e2ce \u00e0 la g\u00e9n\u00e9rosit\u00e9 des b\u00e9n\u00e9voles et des donateurs. Leurs apports nous ont permis de r\u00e9aliser plusieurs missions chirurgicales. Depuis novembre 2011, nous avons soign\u00e9 plus de 400 femmes atteintes de fistule. Les fournitures m\u00e9dicales, l&rsquo;\u00e9quipement [&hellip;]<\/p>\n","protected":false},"author":6,"featured_media":0,"parent":0,"menu_order":0,"comment_status":"closed","ping_status":"closed","template":"","meta":{"footnotes":""},"class_list":["post-3865","page","type-page","status-publish","hentry"],"_links":{"self":[{"href":"https:\/\/fondationmms.org\/fr\/wp-json\/wp\/v2\/pages\/3865","targetHints":{"allow":["GET"]}}],"collection":[{"href":"https:\/\/fondationmms.org\/fr\/wp-json\/wp\/v2\/pages"}],"about":[{"href":"https:\/\/fondationmms.org\/fr\/wp-json\/wp\/v2\/types\/page"}],"author":[{"embeddable":true,"href":"https:\/\/fondationmms.org\/fr\/wp-json\/wp\/v2\/users\/6"}],"replies":[{"embeddable":true,"href":"https:\/\/fondationmms.org\/fr\/wp-json\/wp\/v2\/comments?post=3865"}],"version-history":[{"count":0,"href":"https:\/\/fondationmms.org\/fr\/wp-json\/wp\/v2\/pages\/3865\/revisions"}],"wp:attachment":[{"href":"https:\/\/fondationmms.org\/fr\/wp-json\/wp\/v2\/media?parent=3865"}],"curies":[{"name":"wp","href":"https:\/\/api.w.org\/{rel}","templated":true}]}}