{"id":3861,"date":"2023-11-13T11:14:34","date_gmt":"2023-11-13T15:14:34","guid":{"rendered":"https:\/\/fondationmms.org\/entree\/"},"modified":"2025-01-20T19:26:54","modified_gmt":"2025-01-20T23:26:54","slug":"entree","status":"publish","type":"page","link":"https:\/\/fondationmms.org\/fr\/","title":{"rendered":"Entree"},"content":{"rendered":"<h2>Nous contribuons \u00e0 l\u2019am\u00e9lioration de la sant\u00e9 maternelle en Afrique et partout dans le monde.<\/h2>\n<p>Vous pouvez offrir \u00e0 une femme le traitement qui changera \u00e0 jamais son avenir. Aidez-nous \u00e0 r\u00e9colter des fonds pour notre prochaine mission.\u00a0<\/p>\n<p>\t\t\t\t\t<a href=\"https:\/\/www.zeffy.com\/fr-CA\/fundraising\/399c66ed-0d52-4462-b7d8-41538f8174d7?&#038;lng=fr\" target=\"_blank\" rel=\"noopener\"><br \/>\n\t\t\t\t\t\t\t\t\tFaire un don<br \/>\n\t\t\t\t\t<\/a><br \/>\n\t\t\t\t\t\t\t\t\t\t\t\t\t\t\t<img fetchpriority=\"high\" decoding=\"async\" width=\"800\" height=\"800\" src=\"https:\/\/fondationmms.org\/wp-content\/uploads\/2023\/11\/MMS-1024x1024.png\" alt=\"A happy woman holding a child. Smiling doctors after a succesful fistula operation.\" srcset=\"https:\/\/fondationmms.org\/wp-content\/uploads\/2023\/11\/MMS-1024x1024.png 1024w, https:\/\/fondationmms.org\/wp-content\/uploads\/2023\/11\/MMS-300x300.png 300w, https:\/\/fondationmms.org\/wp-content\/uploads\/2023\/11\/MMS-150x150.png 150w, https:\/\/fondationmms.org\/wp-content\/uploads\/2023\/11\/MMS-768x768.png 768w, https:\/\/fondationmms.org\/wp-content\/uploads\/2023\/11\/MMS.png 1080w\" sizes=\"(max-width: 800px) 100vw, 800px\" \/>\t\t\t\t\t\t\t\t\t\t\t\t\t\t\t<\/p>\n<h6>NOUS AVONS BESOIN DE VOTRE AIDE<\/h6>\n<h2>Campagne en vedette<\/h2>\n<p>\t\t\t\t\t<a href=\"#\"><br \/>\n\t\t\t\t\t\t\t\t\tON TRACK<br \/>\n\t\t\t\t\t<\/a><br \/>\n\t\t\t\t\t\t\t\t\t\t\t\t\t\t\t<img decoding=\"async\" width=\"800\" height=\"512\" src=\"https:\/\/fondationmms.org\/wp-content\/uploads\/2024\/07\/image-1024x655.webp\" alt=\"\" srcset=\"https:\/\/fondationmms.org\/wp-content\/uploads\/2024\/07\/image-1024x655.webp 1024w, https:\/\/fondationmms.org\/wp-content\/uploads\/2024\/07\/image-300x192.webp 300w, https:\/\/fondationmms.org\/wp-content\/uploads\/2024\/07\/image-768x492.webp 768w, https:\/\/fondationmms.org\/wp-content\/uploads\/2024\/07\/image-1536x983.webp 1536w, https:\/\/fondationmms.org\/wp-content\/uploads\/2024\/07\/image.webp 1656w\" sizes=\"(max-width: 800px) 100vw, 800px\" \/>\t\t\t\t\t\t\t\t\t\t\t\t\t\t\t<\/p>\n<h2>Espoir et dignit\u00e9 pour les femmes en Afrique<\/h2>\n<p>Notre \u00e9quipe de m\u00e9decins et d\u2019infirmi\u00e8res b\u00e9n\u00e9voles effectue chaque ann\u00e9e trois missions en Afrique pour soigner des femmes souffrant de fisule obst\u00e9tricale. Ils assurent \u00e9galement les suivis post-op\u00e9ratoires et dispensent des formations essentielles aux professionnels de la sant\u00e9 locaux.<\/p>\n<p>\t\t\t\t\t<a href=\"https:\/\/www.zeffy.com\/fr-CA\/fundraising\/399c66ed-0d52-4462-b7d8-41538f8174d7?&#038;lng=fr\" target=\"_blank\" rel=\"noopener\"><br \/>\n\t\t\t\t\t\t\t\t\tFaites un don<br \/>\n\t\t\t\t\t<\/a><\/p>\n<h6>DE NOTRE BLOGUE<\/h6>\n<h2>Derni\u00e8res nouvelles<\/h2>\n<p>Articles en vedette de la Fondation MMS<\/p>\n<p>\t\t\t\t\t<a href=\"https:\/\/fondationmms.org\/fr\/nouvelles\/\"><br \/>\n\t\t\t\t\t\t\t\t\tVoir tous les articles<br \/>\n\t\t\t\t\t<\/a><br \/>\n\t\t\t\t\t\t\t\t\t\t\t\t\t\t\t<img decoding=\"async\" width=\"647\" height=\"600\" src=\"https:\/\/fondationmms.org\/wp-content\/uploads\/2023\/10\/mother-and-son.jpeg\" alt=\"\" srcset=\"https:\/\/fondationmms.org\/wp-content\/uploads\/2023\/10\/mother-and-son.jpeg 647w, https:\/\/fondationmms.org\/wp-content\/uploads\/2023\/10\/mother-and-son-300x278.jpeg 300w\" sizes=\"(max-width: 647px) 100vw, 647px\" \/>\t\t\t\t\t\t\t\t\t\t\t\t\t\t\t<\/p>\n<h6>NOTRE MISSION<\/h6>\n<h2>Mettre fin aux souffrances caus\u00e9es par la fistule<\/h2>\n<p>Notre mission est de r\u00e9duire l&rsquo;incidence de la fistule obst\u00e9tricale en Afrique et dans le monde en am\u00e9liorant les conditions d&rsquo;accouchement et gr\u00e2ce \u00e0 la formation m\u00e9dicale. Nous fournissons \u00e9galement des soins chirurgicaux indispensables aux femmes touch\u00e9es par cette condition, garantissant ainsi un processus de gu\u00e9rison plus s\u00fbr et plus efficace.<\/p>\n<p>\t\t\t\t\t\t\t\t\t\t\t\t\t\t\t<img decoding=\"async\" src=\"https:\/\/fondationmms.org\/wp-content\/uploads\/elementor\/thumbs\/jacques_corcos-qgdwudiw2cpbdmeocu9ef3i61v02os2hzvekwmb474.png\" title=\"jacques_corcos\" alt=\"jacques_corcos\" loading=\"lazy\" \/>\t\t\t\t\t\t\t\t\t\t\t\t\t\t\t<\/p>\n<h2 style=\"font-family: 'Crimson Pro', sans-serif; font-weight: 600; font-size: 23px; outline-style: initial; outline-width: 0px;\" data-elementor-setting-key=\"title\" data-pen-placeholder=\"Teclea aqu\u00ed...\">Dr Jacques Corcos<\/h2>\n<p>Pr\u00e9sident<\/p>\n<p>\t\t\t\t1<br \/>\n\t\t\t\t+<\/p>\n<p>Femmes examin\u00e9es<\/p>\n<p>\t\t\t\t1<\/p>\n<p>Patientes op\u00e9r\u00e9es<\/p>\n<p>\t\t\t\t1<\/p>\n<p>Missions depuis 2011<\/p>\n<h2>Ce que nous faisons<\/h2>\n<h2>Missions m\u00e9dicales<\/h2>\n<h2>Missions m\u00e9dicales<\/h2>\n<p>Deux fois par an, une \u00e9quipe de m\u00e9decins et d\u2019infirmi\u00e8res b\u00e9n\u00e9voles se d\u00e9place pour soigner les femmes souffrant de fistule. Depuis la cr\u00e9ation de la Fondation en 2011, plus de 400 femmes ont \u00e9t\u00e9 soign\u00e9es au Burkina Faso, au Rwanda, au Togo, en Tanzanie, au Soudan, \u00e0 Madagascar, au Bangladesh et en Mauritanie. Ces missions chirurgicales sont \u00e9galement l\u2019occasion pour l\u2019\u00e9quipe de la Fondation MMS et le personnel local de partager exp\u00e9riences et expertises.<\/p>\n<p>MERCI \u00e0 tous nos b\u00e9n\u00e9voles!<\/p>\n<h2>Projet d&rsquo;h\u00f4pital<\/h2>\n<h2>Projet d&rsquo;h\u00f4pital<\/h2>\n<p>\u00c0 venir<\/p>\n<h2>Recherche<\/h2>\n<h2>Recherche<\/h2>\n<p>Nous avons men\u00e9 une \u00e9tude pour examiner l\u2019exp\u00e9rience des femmes ayant subi une op\u00e9ration de r\u00e9paration de la fistule et l\u2019impact du traitement sur leur vie sociale. 40 femmes ont \u00e9t\u00e9 interrog\u00e9es au Burkina Faso, avant l\u2019op\u00e9ration et un an apr\u00e8s l\u2019op\u00e9ration, dans leurs villages d\u2019origine. Nous avons r\u00e9cemment lanc\u00e9 une \u00e9tude similaire au Rwanda. De nombreux autres projets sont pr\u00e9vus et seront d\u00e9ploy\u00e9s une fois accord\u00e9s. Une partie de l\u2019argent r\u00e9colt\u00e9 gr\u00e2ce aux dons est destin\u00e9e \u00e0 cette recherche. C\u2019est le seul moyen de mieux comprendre et d\u2019\u00e9radiquer le probl\u00e8me.<\/p>\n<h2>Vous pouvez transformer la vie d&rsquo;une femme<\/h2>\n<ul>\n<li>Avec seulement 25$, vous offrez \u00e0 une femme les biens essentiels \u00e0 son s\u00e9jour \u00e0 l&rsquo;h\u00f4pital.<\/li>\n<li>Avec 50$, vous assurez son transport de son village \u00e0 l&rsquo;h\u00f4pital.<\/li>\n<li>Avec 75$, vous nourrissez un patient pendant une semaine.<\/li>\n<li>Avec 150$, vous donnez \u00e0 une femme tous les m\u00e9dicaments dont elle a besoin pour son op\u00e9ration et son r\u00e9tablissement.<\/li>\n<li>Avec 2500$, vous permettez \u00e0 un de nos m\u00e9decins b\u00e9n\u00e9voles de se rendre en Afrique pour la prochaine mission.<\/li>\n<\/ul>\n<p>\t\t\t\t\t<a href=\"https:\/\/www.zeffy.com\/fr-CA\/fundraising\/399c66ed-0d52-4462-b7d8-41538f8174d7?&#038;lng=fr\" target=\"_blank\" rel=\"noopener\"><br \/>\n\t\t\t\t\t\t\t\t\tFaites un don<br \/>\n\t\t\t\t\t<\/a><br \/>\n\t\t\t\t\t<a href=\"https:\/\/fondationmms.org\/fr\/devenir-membre\/\"><br \/>\n\t\t\t\t\t\t\t\t\tDevenez membre<br \/>\n\t\t\t\t\t<\/a><\/p>\n<h2>More about our Foundation<\/h2>\n","protected":false},"excerpt":{"rendered":"<p>Nous contribuons \u00e0 l\u2019am\u00e9lioration de la sant\u00e9 maternelle en Afrique et partout dans le monde. Vous pouvez offrir \u00e0 une femme le traitement qui changera \u00e0 jamais son avenir. Aidez-nous \u00e0 r\u00e9colter des fonds pour notre prochaine mission.\u00a0 Faire un don NOUS AVONS BESOIN DE VOTRE AIDE Campagne en vedette ON TRACK Espoir et dignit\u00e9 [&hellip;]<\/p>\n","protected":false},"author":6,"featured_media":0,"parent":0,"menu_order":0,"comment_status":"closed","ping_status":"closed","template":"","meta":{"footnotes":""},"class_list":["post-3861","page","type-page","status-publish","hentry"],"_links":{"self":[{"href":"https:\/\/fondationmms.org\/fr\/wp-json\/wp\/v2\/pages\/3861","targetHints":{"allow":["GET"]}}],"collection":[{"href":"https:\/\/fondationmms.org\/fr\/wp-json\/wp\/v2\/pages"}],"about":[{"href":"https:\/\/fondationmms.org\/fr\/wp-json\/wp\/v2\/types\/page"}],"author":[{"embeddable":true,"href":"https:\/\/fondationmms.org\/fr\/wp-json\/wp\/v2\/users\/6"}],"replies":[{"embeddable":true,"href":"https:\/\/fondationmms.org\/fr\/wp-json\/wp\/v2\/comments?post=3861"}],"version-history":[{"count":0,"href":"https:\/\/fondationmms.org\/fr\/wp-json\/wp\/v2\/pages\/3861\/revisions"}],"wp:attachment":[{"href":"https:\/\/fondationmms.org\/fr\/wp-json\/wp\/v2\/media?parent=3861"}],"curies":[{"name":"wp","href":"https:\/\/api.w.org\/{rel}","templated":true}]}}